{"id":2442,"date":"2026-05-05T19:59:17","date_gmt":"2026-05-05T19:59:17","guid":{"rendered":"https:\/\/www.trujiz.com\/?post_type=product&#038;p=2442"},"modified":"2026-05-06T11:13:28","modified_gmt":"2026-05-06T11:13:28","slug":"la-rutina-definitiva-de-trompeta","status":"publish","type":"product","link":"https:\/\/www.trujiz.com\/en\/product\/la-rutina-definitiva-de-trompeta\/","title":{"rendered":"La Rutina Definitiva de trompeta"},"content":{"rendered":"<p data-start=\"153\" data-end=\"339\"><strong data-start=\"153\" data-end=\"339\">PDF descargable con ejercicios pr\u00e1cticos para mejorar la rutina diaria de trompeta. Una gu\u00eda sencilla y directa para trabajar sonido, resistencia, control y constancia en el estudio.<\/strong><\/p>\n<p data-start=\"341\" data-end=\"492\"><strong data-start=\"341\" data-end=\"460\">Este pack est\u00e1 basado en el video de YouTube \u201cLa Rutina Definitiva de Trompeta\u201d. Puedes ver el video completo aqu\u00ed:<a href=\"https:\/\/www.youtube.com\/watch?v=8ik551MZKjU&amp;t=59s\">https:\/\/www.youtube.com\/watch?v=8ik551MZKjU&amp;t=59s<\/a><\/strong><\/p>\n<p data-start=\"341\" data-end=\"492\"><strong data-start=\"494\" data-end=\"617\">Al comprar este PDF tendr\u00e1s las partituras y ejercicios reunidos en un solo archivo para estudiarlos con m\u00e1s comodidad.<\/strong><\/p>","protected":false},"excerpt":{"rendered":"<p>Basado en el video de Youtube Una gu\u00eda sencilla y directa para trabajar sonido, resistencia, control y constancia en el estudio.<\/p>","protected":false},"featured_media":2444,"comment_status":"open","ping_status":"closed","template":"","meta":{"neve_meta_sidebar":"","neve_meta_container":"","neve_meta_enable_content_width":"off","neve_meta_content_width":100,"neve_meta_title_alignment":"","neve_meta_author_avatar":"","neve_post_elements_order":"","neve_meta_disable_header":"","neve_meta_disable_footer":"","neve_meta_disable_title":""},"product_brand":[],"product_cat":[60],"product_tag":[],"class_list":{"0":"post-2442","1":"product","2":"type-product","3":"status-publish","4":"has-post-thumbnail","6":"product_cat-trompeta","8":"first","9":"instock","10":"downloadable","11":"virtual","12":"purchasable","13":"product-type-simple"},"yoast_head":"<!-- This site is optimized with the Yoast SEO plugin v27.3 - https:\/\/yoast.com\/product\/yoast-seo-wordpress\/ -->\n<title>La Rutina Definitiva de trompeta | Trujiz<\/title>\n<meta name=\"description\" content=\"PDF descargable con ejercicios pr\u00e1cticos para mejorar la rutina diaria de trompeta. Una gu\u00eda sencilla y directa para trabajar sonido, resistencia, control y constancia en el estudio.\" \/>\n<meta name=\"robots\" content=\"index, follow, max-snippet:-1, max-image-preview:large, max-video-preview:-1\" \/>\n<link rel=\"canonical\" href=\"https:\/\/www.trujiz.com\/en\/product\/la-rutina-definitiva-de-trompeta\/\" \/>\n<meta property=\"og:locale\" content=\"en_US\" \/>\n<meta property=\"og:type\" content=\"article\" \/>\n<meta property=\"og:title\" content=\"La Rutina Definitiva de trompeta | Trujiz\" \/>\n<meta property=\"og:description\" content=\"PDF descargable con ejercicios pr\u00e1cticos para mejorar la rutina diaria de trompeta. Una gu\u00eda sencilla y directa para trabajar sonido, resistencia, control y constancia en el estudio.\" \/>\n<meta property=\"og:url\" content=\"https:\/\/www.trujiz.com\/en\/product\/la-rutina-definitiva-de-trompeta\/\" \/>\n<meta property=\"og:site_name\" content=\"Trujiz\" \/>\n<meta property=\"article:publisher\" content=\"https:\/\/www.facebook.com\/trujizz\" \/>\n<meta property=\"article:modified_time\" content=\"2026-05-06T11:13:28+00:00\" \/>\n<meta property=\"og:image\" content=\"https:\/\/www.trujiz.com\/wp-content\/uploads\/2020\/03\/22-copia-scaled.jpg\" \/>\n\t<meta property=\"og:image:width\" content=\"1707\" \/>\n\t<meta property=\"og:image:height\" content=\"2560\" \/>\n\t<meta property=\"og:image:type\" content=\"image\/jpeg\" \/>\n<meta name=\"twitter:label1\" content=\"Est. reading time\" \/>\n\t<meta name=\"twitter:data1\" content=\"1 minute\" \/>\n<script type=\"application\/ld+json\" class=\"yoast-schema-graph\">{\"@context\":\"https:\\\/\\\/schema.org\",\"@graph\":[{\"@type\":\"WebPage\",\"@id\":\"https:\\\/\\\/www.trujiz.com\\\/producto\\\/la-rutina-definitiva-de-trompeta\\\/\",\"url\":\"https:\\\/\\\/www.trujiz.com\\\/producto\\\/la-rutina-definitiva-de-trompeta\\\/\",\"name\":\"La Rutina Definitiva de trompeta | Trujiz\",\"isPartOf\":{\"@id\":\"https:\\\/\\\/www.trujiz.com\\\/#website\"},\"primaryImageOfPage\":{\"@id\":\"https:\\\/\\\/www.trujiz.com\\\/producto\\\/la-rutina-definitiva-de-trompeta\\\/#primaryimage\"},\"image\":{\"@id\":\"https:\\\/\\\/www.trujiz.com\\\/producto\\\/la-rutina-definitiva-de-trompeta\\\/#primaryimage\"},\"thumbnailUrl\":\"https:\\\/\\\/www.trujiz.com\\\/wp-content\\\/uploads\\\/2026\\\/05\\\/La_Rutina_Definitiva_3_euros-pdf.jpg\",\"datePublished\":\"2026-05-05T19:59:17+00:00\",\"dateModified\":\"2026-05-06T11:13:28+00:00\",\"description\":\"PDF descargable con ejercicios pr\u00e1cticos para mejorar la rutina diaria de trompeta. Una gu\u00eda sencilla y directa para trabajar sonido, resistencia, control y constancia en el estudio.\",\"breadcrumb\":{\"@id\":\"https:\\\/\\\/www.trujiz.com\\\/producto\\\/la-rutina-definitiva-de-trompeta\\\/#breadcrumb\"},\"inLanguage\":\"en-US\",\"potentialAction\":[{\"@type\":\"ReadAction\",\"target\":[\"https:\\\/\\\/www.trujiz.com\\\/producto\\\/la-rutina-definitiva-de-trompeta\\\/\"]}]},{\"@type\":\"ImageObject\",\"inLanguage\":\"en-US\",\"@id\":\"https:\\\/\\\/www.trujiz.com\\\/producto\\\/la-rutina-definitiva-de-trompeta\\\/#primaryimage\",\"url\":\"https:\\\/\\\/www.trujiz.com\\\/wp-content\\\/uploads\\\/2026\\\/05\\\/La_Rutina_Definitiva_3_euros-pdf.jpg\",\"contentUrl\":\"https:\\\/\\\/www.trujiz.com\\\/wp-content\\\/uploads\\\/2026\\\/05\\\/La_Rutina_Definitiva_3_euros-pdf.jpg\"},{\"@type\":\"BreadcrumbList\",\"@id\":\"https:\\\/\\\/www.trujiz.com\\\/producto\\\/la-rutina-definitiva-de-trompeta\\\/#breadcrumb\",\"itemListElement\":[{\"@type\":\"ListItem\",\"position\":1,\"name\":\"Portada\",\"item\":\"https:\\\/\\\/www.trujiz.com\\\/\"},{\"@type\":\"ListItem\",\"position\":2,\"name\":\"Tienda\",\"item\":\"https:\\\/\\\/www.trujiz.com\\\/tienda\\\/\"},{\"@type\":\"ListItem\",\"position\":3,\"name\":\"La Rutina Definitiva de trompeta\"}]},{\"@type\":\"WebSite\",\"@id\":\"https:\\\/\\\/www.trujiz.com\\\/#website\",\"url\":\"https:\\\/\\\/www.trujiz.com\\\/\",\"name\":\"Trujiz\",\"description\":\"Trujiz \",\"publisher\":{\"@id\":\"https:\\\/\\\/www.trujiz.com\\\/#\\\/schema\\\/person\\\/6def9be4eed82cf36143304279b29cfa\"},\"potentialAction\":[{\"@type\":\"SearchAction\",\"target\":{\"@type\":\"EntryPoint\",\"urlTemplate\":\"https:\\\/\\\/www.trujiz.com\\\/?s={search_term_string}\"},\"query-input\":{\"@type\":\"PropertyValueSpecification\",\"valueRequired\":true,\"valueName\":\"search_term_string\"}}],\"inLanguage\":\"en-US\"},{\"@type\":[\"Person\",\"Organization\"],\"@id\":\"https:\\\/\\\/www.trujiz.com\\\/#\\\/schema\\\/person\\\/6def9be4eed82cf36143304279b29cfa\",\"name\":\"Administraci\u00f3n\",\"image\":{\"@type\":\"ImageObject\",\"inLanguage\":\"en-US\",\"@id\":\"https:\\\/\\\/www.trujiz.com\\\/wp-content\\\/uploads\\\/2025\\\/03\\\/Barner-pagina-web-trujiz.png\",\"url\":\"https:\\\/\\\/www.trujiz.com\\\/wp-content\\\/uploads\\\/2025\\\/03\\\/Barner-pagina-web-trujiz.png\",\"contentUrl\":\"https:\\\/\\\/www.trujiz.com\\\/wp-content\\\/uploads\\\/2025\\\/03\\\/Barner-pagina-web-trujiz.png\",\"width\":1200,\"height\":628,\"caption\":\"Administraci\u00f3n\"},\"logo\":{\"@id\":\"https:\\\/\\\/www.trujiz.com\\\/wp-content\\\/uploads\\\/2025\\\/03\\\/Barner-pagina-web-trujiz.png\"},\"description\":\"Guillermo Trujillo , conocido art\u00edsticamente como Trujiz , es m\u00fasico cubano, trompetista, escritor y pintor afincado en Espa\u00f1a. Su obra fusiona la m\u00fasica afrocubana con el jazz, la literatura \u00edntima y el arte visual vibrante. Ha trabajado en proyectos internacionales, grabado discos. y creado colecciones art\u00edsticas que transmiten paz, emoci\u00f3n y sabidur\u00eda. En este sitio comparte su universo creativo con quienes buscan inspiraci\u00f3n, belleza y conexi\u00f3n profunda con el arte.\",\"sameAs\":[\"https:\\\/\\\/www.facebook.com\\\/trujizz\",\"https:\\\/\\\/www.instagram.com\\\/trujiz\\\/\",\"https:\\\/\\\/www.linkedin.com\\\/in\\\/guillermo-trujiz-10560245\\\/\",\"https:\\\/\\\/www.pinterest.es\\\/trujizband\\\/boards\\\/\",\"https:\\\/\\\/www.youtube.com\\\/channel\\\/UC931ZASROBZxweib0kvmA5Q?view_as=subscriber\"]}]}<\/script>\n<!-- \/ Yoast SEO plugin. -->","yoast_head_json":{"title":"La Rutina Definitiva de trompeta | Trujiz","description":"PDF descargable con ejercicios pr\u00e1cticos para mejorar la rutina diaria de trompeta. Una gu\u00eda sencilla y directa para trabajar sonido, resistencia, control y constancia en el estudio.","robots":{"index":"index","follow":"follow","max-snippet":"max-snippet:-1","max-image-preview":"max-image-preview:large","max-video-preview":"max-video-preview:-1"},"canonical":"https:\/\/www.trujiz.com\/en\/product\/la-rutina-definitiva-de-trompeta\/","og_locale":"en_US","og_type":"article","og_title":"La Rutina Definitiva de trompeta | Trujiz","og_description":"PDF descargable con ejercicios pr\u00e1cticos para mejorar la rutina diaria de trompeta. Una gu\u00eda sencilla y directa para trabajar sonido, resistencia, control y constancia en el estudio.","og_url":"https:\/\/www.trujiz.com\/en\/product\/la-rutina-definitiva-de-trompeta\/","og_site_name":"Trujiz","article_publisher":"https:\/\/www.facebook.com\/trujizz","article_modified_time":"2026-05-06T11:13:28+00:00","og_image":[{"width":1707,"height":2560,"url":"https:\/\/www.trujiz.com\/wp-content\/uploads\/2020\/03\/22-copia-scaled.jpg","type":"image\/jpeg"}],"twitter_misc":{"Est. reading time":"1 minute"},"schema":{"@context":"https:\/\/schema.org","@graph":[{"@type":"WebPage","@id":"https:\/\/www.trujiz.com\/producto\/la-rutina-definitiva-de-trompeta\/","url":"https:\/\/www.trujiz.com\/producto\/la-rutina-definitiva-de-trompeta\/","name":"La Rutina Definitiva de trompeta | Trujiz","isPartOf":{"@id":"https:\/\/www.trujiz.com\/#website"},"primaryImageOfPage":{"@id":"https:\/\/www.trujiz.com\/producto\/la-rutina-definitiva-de-trompeta\/#primaryimage"},"image":{"@id":"https:\/\/www.trujiz.com\/producto\/la-rutina-definitiva-de-trompeta\/#primaryimage"},"thumbnailUrl":"https:\/\/www.trujiz.com\/wp-content\/uploads\/2026\/05\/La_Rutina_Definitiva_3_euros-pdf.jpg","datePublished":"2026-05-05T19:59:17+00:00","dateModified":"2026-05-06T11:13:28+00:00","description":"PDF descargable con ejercicios pr\u00e1cticos para mejorar la rutina diaria de trompeta. Una gu\u00eda sencilla y directa para trabajar sonido, resistencia, control y constancia en el estudio.","breadcrumb":{"@id":"https:\/\/www.trujiz.com\/producto\/la-rutina-definitiva-de-trompeta\/#breadcrumb"},"inLanguage":"en-US","potentialAction":[{"@type":"ReadAction","target":["https:\/\/www.trujiz.com\/producto\/la-rutina-definitiva-de-trompeta\/"]}]},{"@type":"ImageObject","inLanguage":"en-US","@id":"https:\/\/www.trujiz.com\/producto\/la-rutina-definitiva-de-trompeta\/#primaryimage","url":"https:\/\/www.trujiz.com\/wp-content\/uploads\/2026\/05\/La_Rutina_Definitiva_3_euros-pdf.jpg","contentUrl":"https:\/\/www.trujiz.com\/wp-content\/uploads\/2026\/05\/La_Rutina_Definitiva_3_euros-pdf.jpg"},{"@type":"BreadcrumbList","@id":"https:\/\/www.trujiz.com\/producto\/la-rutina-definitiva-de-trompeta\/#breadcrumb","itemListElement":[{"@type":"ListItem","position":1,"name":"Portada","item":"https:\/\/www.trujiz.com\/"},{"@type":"ListItem","position":2,"name":"Tienda","item":"https:\/\/www.trujiz.com\/tienda\/"},{"@type":"ListItem","position":3,"name":"La Rutina Definitiva de trompeta"}]},{"@type":"WebSite","@id":"https:\/\/www.trujiz.com\/#website","url":"https:\/\/www.trujiz.com\/","name":"Trujiz","description":"Trujiz","publisher":{"@id":"https:\/\/www.trujiz.com\/#\/schema\/person\/6def9be4eed82cf36143304279b29cfa"},"potentialAction":[{"@type":"SearchAction","target":{"@type":"EntryPoint","urlTemplate":"https:\/\/www.trujiz.com\/?s={search_term_string}"},"query-input":{"@type":"PropertyValueSpecification","valueRequired":true,"valueName":"search_term_string"}}],"inLanguage":"en-US"},{"@type":["Person","Organization"],"@id":"https:\/\/www.trujiz.com\/#\/schema\/person\/6def9be4eed82cf36143304279b29cfa","name":"Administraci\u00f3n","image":{"@type":"ImageObject","inLanguage":"en-US","@id":"https:\/\/www.trujiz.com\/wp-content\/uploads\/2025\/03\/Barner-pagina-web-trujiz.png","url":"https:\/\/www.trujiz.com\/wp-content\/uploads\/2025\/03\/Barner-pagina-web-trujiz.png","contentUrl":"https:\/\/www.trujiz.com\/wp-content\/uploads\/2025\/03\/Barner-pagina-web-trujiz.png","width":1200,"height":628,"caption":"Administraci\u00f3n"},"logo":{"@id":"https:\/\/www.trujiz.com\/wp-content\/uploads\/2025\/03\/Barner-pagina-web-trujiz.png"},"description":"Guillermo Trujillo , conocido art\u00edsticamente como Trujiz , es m\u00fasico cubano, trompetista, escritor y pintor afincado en Espa\u00f1a. Su obra fusiona la m\u00fasica afrocubana con el jazz, la literatura \u00edntima y el arte visual vibrante. Ha trabajado en proyectos internacionales, grabado discos. y creado colecciones art\u00edsticas que transmiten paz, emoci\u00f3n y sabidur\u00eda. En este sitio comparte su universo creativo con quienes buscan inspiraci\u00f3n, belleza y conexi\u00f3n profunda con el arte.","sameAs":["https:\/\/www.facebook.com\/trujizz","https:\/\/www.instagram.com\/trujiz\/","https:\/\/www.linkedin.com\/in\/guillermo-trujiz-10560245\/","https:\/\/www.pinterest.es\/trujizband\/boards\/","https:\/\/www.youtube.com\/channel\/UC931ZASROBZxweib0kvmA5Q?view_as=subscriber"]}]}},"_links":{"self":[{"href":"https:\/\/www.trujiz.com\/en\/wp-json\/wp\/v2\/product\/2442","targetHints":{"allow":["GET"]}}],"collection":[{"href":"https:\/\/www.trujiz.com\/en\/wp-json\/wp\/v2\/product"}],"about":[{"href":"https:\/\/www.trujiz.com\/en\/wp-json\/wp\/v2\/types\/product"}],"replies":[{"embeddable":true,"href":"https:\/\/www.trujiz.com\/en\/wp-json\/wp\/v2\/comments?post=2442"}],"wp:featuredmedia":[{"embeddable":true,"href":"https:\/\/www.trujiz.com\/en\/wp-json\/wp\/v2\/media\/2444"}],"wp:attachment":[{"href":"https:\/\/www.trujiz.com\/en\/wp-json\/wp\/v2\/media?parent=2442"}],"wp:term":[{"taxonomy":"product_brand","embeddable":true,"href":"https:\/\/www.trujiz.com\/en\/wp-json\/wp\/v2\/product_brand?post=2442"},{"taxonomy":"product_cat","embeddable":true,"href":"https:\/\/www.trujiz.com\/en\/wp-json\/wp\/v2\/product_cat?post=2442"},{"taxonomy":"product_tag","embeddable":true,"href":"https:\/\/www.trujiz.com\/en\/wp-json\/wp\/v2\/product_tag?post=2442"}],"curies":[{"name":"wp","href":"https:\/\/api.w.org\/{rel}","templated":true}]}}